{"id":292,"date":"2017-12-23T20:47:26","date_gmt":"2017-12-23T20:47:26","guid":{"rendered":"http:\/\/davidcortes.cl\/?page_id=292"},"modified":"2017-12-23T20:47:26","modified_gmt":"2017-12-23T20:47:26","slug":"david-cortes-editorial","status":"publish","type":"page","link":"https:\/\/davidcortes.cl\/index.php\/david-cortes-editorial\/","title":{"rendered":"David Cort\u00e9s | Editorial"},"content":{"rendered":"<p>Nos encargamos de entregar un servicio r\u00e1pido y a bajo costo, para apoyar a compositores, int\u00e9rpretes y m\u00fasicos en general.<\/p>\n<p>Ofrecemos:<\/p>\n<ul>\n<li>Transcripci\u00f3n y digitalizaci\u00f3n de partituras<\/li>\n<li>Arreglos musicales y orquestaciones.<\/li>\n<li>Impresi\u00f3n de partituras y otros documentos a color y blanco\/negro,&nbsp; en papel bond y fotogr\u00e1fico.<\/li>\n<\/ul>\n<p>Trabajamos en formato carta, oficio y A3.<\/p>\n<p>Escr\u00edbenos a editorial@davidcortes.cl y cu\u00e9ntanos que necesitas.<\/p>\n<p>&nbsp;<\/p>\n<p>&nbsp;<\/p>\n","protected":false},"excerpt":{"rendered":"<p>Nos encargamos de entregar un servicio r\u00e1pido y a bajo costo, para apoyar a compositores, int\u00e9rpretes y m\u00fasicos en general. Ofrecemos: Transcripci\u00f3n y digitalizaci\u00f3n de partituras Arreglos musicales y orquestaciones. Impresi\u00f3n de partituras y otros documentos a color y blanco\/negro,&nbsp; en papel bond y fotogr\u00e1fico. Trabajamos en formato carta, oficio y A3. Escr\u00edbenos a editorial@davidcortes.cl y cu\u00e9ntanos que necesitas. &nbsp; &nbsp;<\/p>\n","protected":false},"author":1,"featured_media":0,"parent":0,"menu_order":0,"comment_status":"closed","ping_status":"closed","template":"","meta":{"ngg_post_thumbnail":0,"footnotes":""},"_links":{"self":[{"href":"https:\/\/davidcortes.cl\/index.php\/wp-json\/wp\/v2\/pages\/292"}],"collection":[{"href":"https:\/\/davidcortes.cl\/index.php\/wp-json\/wp\/v2\/pages"}],"about":[{"href":"https:\/\/davidcortes.cl\/index.php\/wp-json\/wp\/v2\/types\/page"}],"author":[{"embeddable":true,"href":"https:\/\/davidcortes.cl\/index.php\/wp-json\/wp\/v2\/users\/1"}],"replies":[{"embeddable":true,"href":"https:\/\/davidcortes.cl\/index.php\/wp-json\/wp\/v2\/comments?post=292"}],"version-history":[{"count":5,"href":"https:\/\/davidcortes.cl\/index.php\/wp-json\/wp\/v2\/pages\/292\/revisions"}],"predecessor-version":[{"id":297,"href":"https:\/\/davidcortes.cl\/index.php\/wp-json\/wp\/v2\/pages\/292\/revisions\/297"}],"wp:attachment":[{"href":"https:\/\/davidcortes.cl\/index.php\/wp-json\/wp\/v2\/media?parent=292"}],"curies":[{"name":"wp","href":"https:\/\/api.w.org\/{rel}","templated":true}]}}