{"id":35,"date":"2017-11-12T02:38:32","date_gmt":"2017-11-12T02:38:32","guid":{"rendered":"http:\/\/davidcortes.cl\/?page_id=35"},"modified":"2021-04-22T00:05:02","modified_gmt":"2021-04-22T00:05:02","slug":"david-cortes-compositor","status":"publish","type":"page","link":"https:\/\/davidcortes.cl\/index.php\/david-cortes-compositor\/","title":{"rendered":"Obras"},"content":{"rendered":"\t\t<div data-elementor-type=\"wp-page\" data-elementor-id=\"35\" class=\"elementor elementor-35\">\n\t\t\t\t\t\t<section class=\"elementor-section elementor-top-section elementor-element elementor-element-4135dcda elementor-section-boxed elementor-section-height-default elementor-section-height-default\" data-id=\"4135dcda\" data-element_type=\"section\">\n\t\t\t\t\t\t<div class=\"elementor-container elementor-column-gap-default\">\n\t\t\t\t\t<div class=\"elementor-column elementor-col-100 elementor-top-column elementor-element elementor-element-63093db\" data-id=\"63093db\" data-element_type=\"column\">\n\t\t\t<div class=\"elementor-widget-wrap elementor-element-populated\">\n\t\t\t\t\t\t<div class=\"elementor-element elementor-element-99006a0 elementor-widget elementor-widget-elpug\" data-id=\"99006a0\" data-element_type=\"widget\" data-widget_type=\"elpug.default\">\n\t\t\t\t<div class=\"elementor-widget-container\">\n\t\t\t\t\t\n\t\n\t\t<input id=\"powerfolio_pagination_postsperpage\" type=\"hidden\" value=\"\"\/><div class=\"elpt-portfolio elpt_powerfolio_74522\"><div class=\"elpt-portfolio-filter\"><button class=\"portfolio-filter-item item-active\" data-filter=\"*\" style=\"background-color:\">All<\/button><button class=\"portfolio-filter-item\" style=\"background-color:\" data-filter=\".elemenfoliocategory-camara\">C\u00e1mara<\/button><button class=\"portfolio-filter-item\" style=\"background-color:\" data-filter=\".elemenfoliocategory-orquesra\">Orquesta<\/button><button class=\"portfolio-filter-item\" style=\"background-color:\" data-filter=\".elemenfoliocategory-solista\">Solista<\/button><\/div><div class=\"elpt-portfolio-content elpt-portfolio-content-isotope elpt-portfolio-style-box  hover1 elpt-portfolio-columns-3  elpt-portfolio-margin\"><div class=\"portfolio-item-wrapper 867 post-35 page type-page status-publish hentry elemenfoliocategory-solista\"><a href=\"https:\/\/davidcortes.cl\/index.php\/portfolio\/dignidad-para-oboe-2020\/\" class=\"portfolio-item \" style=\"background-image: url(https:\/\/davidcortes.cl\/wp-content\/uploads\/2021\/04\/Dignidad_para_oboe_2020_D.Cortes-01.jpg)\" title=\"Dignidad para oboe (2020)\"><img decoding=\"async\" src=\"https:\/\/davidcortes.cl\/wp-content\/uploads\/2021\/04\/Dignidad_para_oboe_2020_D.Cortes-01.jpg\" title=\"Dignidad para oboe (2020)\" alt=\"Dignidad para oboe (2020)\" \/><div class=\"portfolio-item-infos-wrapper\" style=\"background-color:\"><div class=\"portfolio-item-infos\"><div class=\"portfolio-item-title\"><span class=\"portfolio-item-title-span\">Dignidad para oboe (2020)<\/span><\/div><div class=\"portfolio-item-category\"><span class=\"elpt-portfolio-cat\">Solista<\/span><\/div><\/div><\/div><\/a><\/div><div class=\"portfolio-item-wrapper 1171 post-35 page type-page status-publish hentry elemenfoliocategory-camara\"><a href=\"https:\/\/davidcortes.cl\/index.php\/portfolio\/estelas-para-clarinete-y-piano-2020\/\" class=\"portfolio-item \" style=\"background-image: url(https:\/\/davidcortes.cl\/wp-content\/uploads\/2021\/04\/Estelas_para_clarinete_y_piano2019D.Cortes.jpg)\" title=\"Estelas para clarinete y piano (2019)\"><img decoding=\"async\" src=\"https:\/\/davidcortes.cl\/wp-content\/uploads\/2021\/04\/Estelas_para_clarinete_y_piano2019D.Cortes.jpg\" title=\"Estelas para clarinete y piano (2019)\" alt=\"Estelas para clarinete y piano (2019)\" \/><div class=\"portfolio-item-infos-wrapper\" style=\"background-color:\"><div class=\"portfolio-item-infos\"><div class=\"portfolio-item-title\"><span class=\"portfolio-item-title-span\">Estelas para clarinete y piano (2019)<\/span><\/div><div class=\"portfolio-item-category\"><span class=\"elpt-portfolio-cat\">C\u00e1mara<\/span><\/div><\/div><\/div><\/a><\/div><div class=\"portfolio-item-wrapper 1487 post-35 page type-page status-publish hentry elemenfoliocategory-camara\"><a href=\"https:\/\/davidcortes.cl\/index.php\/portfolio\/estelas-para-clarinete-y-piano-2020-2\/\" class=\"portfolio-item \" style=\"background-image: url(https:\/\/davidcortes.cl\/wp-content\/uploads\/2021\/04\/Brisas-tres-instantes-de-baile-y-tierravertical-01.png)\" title=\"Brisas, tres instantes de baile y tierra (2018)\"><img decoding=\"async\" src=\"https:\/\/davidcortes.cl\/wp-content\/uploads\/2021\/04\/Brisas-tres-instantes-de-baile-y-tierravertical-01.png\" title=\"Brisas, tres instantes de baile y tierra (2018)\" alt=\"Brisas, tres instantes de baile y tierra (2018)\" \/><div class=\"portfolio-item-infos-wrapper\" style=\"background-color:\"><div class=\"portfolio-item-infos\"><div class=\"portfolio-item-title\"><span class=\"portfolio-item-title-span\">Brisas, tres instantes de baile y tierra (2018)<\/span><\/div><div class=\"portfolio-item-category\"><span class=\"elpt-portfolio-cat\">C\u00e1mara<\/span><\/div><\/div><\/div><\/a><\/div><div class=\"portfolio-item-wrapper 1018 post-35 page type-page status-publish hentry elemenfoliocategory-solista\"><a href=\"https:\/\/davidcortes.cl\/index.php\/portfolio\/anegar-cuatro-instantes-acuosos-para-flauta2014\/\" class=\"portfolio-item \" style=\"background-image: url(https:\/\/davidcortes.cl\/wp-content\/uploads\/2021\/04\/Anegar_cuatro_instantes_para_flauta_2014D.Cortes.jpg)\" title=\"Anegar cuatro instantes acuosos para flauta (2014)\"><img decoding=\"async\" src=\"https:\/\/davidcortes.cl\/wp-content\/uploads\/2021\/04\/Anegar_cuatro_instantes_para_flauta_2014D.Cortes.jpg\" title=\"Anegar cuatro instantes acuosos para flauta (2014)\" alt=\"Anegar cuatro instantes acuosos para flauta (2014)\" \/><div class=\"portfolio-item-infos-wrapper\" style=\"background-color:\"><div class=\"portfolio-item-infos\"><div class=\"portfolio-item-title\"><span class=\"portfolio-item-title-span\">Anegar cuatro instantes acuosos para flauta (2014)<\/span><\/div><div class=\"portfolio-item-category\"><span class=\"elpt-portfolio-cat\">Solista<\/span><\/div><\/div><\/div><\/a><\/div><div class=\"portfolio-item-wrapper 1035 post-35 page type-page status-publish hentry elemenfoliocategory-orquesra\"><a href=\"https:\/\/davidcortes.cl\/index.php\/portfolio\/dignidad-para-oboe-2020-2\/\" class=\"portfolio-item \" style=\"background-image: url(https:\/\/davidcortes.cl\/wp-content\/uploads\/2021\/04\/Tololo_para_viola_solista_y_orquesta_de_cuerdas2011D.Cortes.jpg)\" title=\"Tololo para viola y orquesta de cuerdas (2011)\"><img decoding=\"async\" src=\"https:\/\/davidcortes.cl\/wp-content\/uploads\/2021\/04\/Tololo_para_viola_solista_y_orquesta_de_cuerdas2011D.Cortes.jpg\" title=\"Tololo para viola y orquesta de cuerdas (2011)\" alt=\"Tololo para viola y orquesta de cuerdas (2011)\" \/><div class=\"portfolio-item-infos-wrapper\" style=\"background-color:\"><div class=\"portfolio-item-infos\"><div class=\"portfolio-item-title\"><span class=\"portfolio-item-title-span\">Tololo para viola y orquesta de cuerdas (2011)<\/span><\/div><div class=\"portfolio-item-category\"><span class=\"elpt-portfolio-cat\">Orquesta<\/span><\/div><\/div><\/div><\/a><\/div><div class=\"portfolio-item-wrapper 1036 post-35 page type-page status-publish hentry elemenfoliocategory-solista\"><a href=\"https:\/\/davidcortes.cl\/index.php\/portfolio\/violin-seis-micropiezas-para-violin-solo-2010\/\" class=\"portfolio-item \" style=\"background-image: url(https:\/\/davidcortes.cl\/wp-content\/uploads\/2021\/04\/VIOLIN_portada.jpg)\" title=\"VIOL\u00cdN, seis micropiezas para viol\u00edn solo (2010)\"><img decoding=\"async\" src=\"https:\/\/davidcortes.cl\/wp-content\/uploads\/2021\/04\/VIOLIN_portada.jpg\" title=\"VIOL\u00cdN, seis micropiezas para viol\u00edn solo (2010)\" alt=\"VIOL\u00cdN, seis micropiezas para viol\u00edn solo (2010)\" \/><div class=\"portfolio-item-infos-wrapper\" style=\"background-color:\"><div class=\"portfolio-item-infos\"><div class=\"portfolio-item-title\"><span class=\"portfolio-item-title-span\">VIOL\u00cdN, seis micropiezas para viol\u00edn solo (2010)<\/span><\/div><div class=\"portfolio-item-category\"><span class=\"elpt-portfolio-cat\">Solista<\/span><\/div><\/div><\/div><\/a><\/div><\/div><\/div>\t\t\n\n\t\t\t\n\n\t\t<script><\/script>\n\t\t\t\n\n\t\t\t\t<\/div>\n\t\t\t\t<\/div>\n\t\t\t\t\t<\/div>\n\t\t<\/div>\n\t\t\t\t\t<\/div>\n\t\t<\/section>\n\t\t\t\t<\/div>\n\t\t","protected":false},"excerpt":{"rendered":"<p>AllC\u00e1maraOrquestaSolistaDignidad para oboe (2020)SolistaEstelas para clarinete y piano (2020)C\u00e1maraAnegar cuatro instantes acuosos para flauta (2014)SolistaTololo para viola y orquesta de cuerdas (2011)OrquestaVIOL\u00cdN, seis micropiezas para viol\u00edn solo (2010)Solista<\/p>\n","protected":false},"author":1,"featured_media":0,"parent":0,"menu_order":0,"comment_status":"closed","ping_status":"closed","template":"","meta":{"ngg_post_thumbnail":0,"footnotes":""},"_links":{"self":[{"href":"https:\/\/davidcortes.cl\/index.php\/wp-json\/wp\/v2\/pages\/35"}],"collection":[{"href":"https:\/\/davidcortes.cl\/index.php\/wp-json\/wp\/v2\/pages"}],"about":[{"href":"https:\/\/davidcortes.cl\/index.php\/wp-json\/wp\/v2\/types\/page"}],"author":[{"embeddable":true,"href":"https:\/\/davidcortes.cl\/index.php\/wp-json\/wp\/v2\/users\/1"}],"replies":[{"embeddable":true,"href":"https:\/\/davidcortes.cl\/index.php\/wp-json\/wp\/v2\/comments?post=35"}],"version-history":[{"count":119,"href":"https:\/\/davidcortes.cl\/index.php\/wp-json\/wp\/v2\/pages\/35\/revisions"}],"predecessor-version":[{"id":1405,"href":"https:\/\/davidcortes.cl\/index.php\/wp-json\/wp\/v2\/pages\/35\/revisions\/1405"}],"wp:attachment":[{"href":"https:\/\/davidcortes.cl\/index.php\/wp-json\/wp\/v2\/media?parent=35"}],"curies":[{"name":"wp","href":"https:\/\/api.w.org\/{rel}","templated":true}]}}