{"id":444,"date":"2019-01-03T16:42:48","date_gmt":"2019-01-03T16:42:48","guid":{"rendered":"http:\/\/davidcortes.cl\/?page_id=444"},"modified":"2021-04-13T00:59:29","modified_gmt":"2021-04-13T00:59:29","slug":"violin-seis-micropiezas-para-violin","status":"publish","type":"page","link":"https:\/\/davidcortes.cl\/index.php\/violin-seis-micropiezas-para-violin\/","title":{"rendered":"VIOLIN seis micropiezas para viol\u00edn"},"content":{"rendered":"\t\t<div data-elementor-type=\"wp-page\" data-elementor-id=\"444\" class=\"elementor elementor-444\">\n\t\t\t\t\t\t<section class=\"elementor-section elementor-top-section elementor-element elementor-element-381e57f0 elementor-section-boxed elementor-section-height-default elementor-section-height-default\" data-id=\"381e57f0\" data-element_type=\"section\">\n\t\t\t\t\t\t<div class=\"elementor-container elementor-column-gap-default\">\n\t\t\t\t\t<div class=\"elementor-column elementor-col-100 elementor-top-column elementor-element elementor-element-29d73c7b\" data-id=\"29d73c7b\" data-element_type=\"column\">\n\t\t\t<div class=\"elementor-widget-wrap elementor-element-populated\">\n\t\t\t\t\t\t<section class=\"elementor-section elementor-inner-section elementor-element elementor-element-2cd2be2 elementor-section-boxed elementor-section-height-default elementor-section-height-default\" data-id=\"2cd2be2\" data-element_type=\"section\">\n\t\t\t\t\t\t<div class=\"elementor-container elementor-column-gap-default\">\n\t\t\t\t\t<div class=\"elementor-column elementor-col-50 elementor-inner-column elementor-element elementor-element-8ca9e2c\" data-id=\"8ca9e2c\" data-element_type=\"column\">\n\t\t\t<div class=\"elementor-widget-wrap elementor-element-populated\">\n\t\t\t\t\t\t<div class=\"elementor-element elementor-element-2e7a9a6 elementor-widget elementor-widget-image\" data-id=\"2e7a9a6\" data-element_type=\"widget\" data-widget_type=\"image.default\">\n\t\t\t\t<div class=\"elementor-widget-container\">\n\t\t\t<style>\/*! elementor - v3.21.0 - 01-04-2024 *\/\n.elementor-widget-image{text-align:center}.elementor-widget-image a{display:inline-block}.elementor-widget-image a img[src$=\".svg\"]{width:48px}.elementor-widget-image img{vertical-align:middle;display:inline-block}<\/style>\t\t\t\t\t\t\t\t\t\t<img fetchpriority=\"high\" decoding=\"async\" width=\"724\" height=\"1024\" src=\"https:\/\/davidcortes.cl\/wp-content\/uploads\/2019\/01\/Portada-partitura-VIOLIN-724x1024.png\" class=\"attachment-large size-large wp-image-485\" alt=\"\" srcset=\"https:\/\/davidcortes.cl\/wp-content\/uploads\/2019\/01\/Portada-partitura-VIOLIN-724x1024.png 724w, https:\/\/davidcortes.cl\/wp-content\/uploads\/2019\/01\/Portada-partitura-VIOLIN-212x300.png 212w, https:\/\/davidcortes.cl\/wp-content\/uploads\/2019\/01\/Portada-partitura-VIOLIN-768x1086.png 768w\" sizes=\"(max-width: 724px) 100vw, 724px\" \/>\t\t\t\t\t\t\t\t\t\t\t\t\t<\/div>\n\t\t\t\t<\/div>\n\t\t\t\t\t<\/div>\n\t\t<\/div>\n\t\t\t\t<div class=\"elementor-column elementor-col-50 elementor-inner-column elementor-element elementor-element-7b9ec9b\" data-id=\"7b9ec9b\" data-element_type=\"column\">\n\t\t\t<div class=\"elementor-widget-wrap elementor-element-populated\">\n\t\t\t\t\t\t<div class=\"elementor-element elementor-element-17a3f9c elementor-widget elementor-widget-text-editor\" data-id=\"17a3f9c\" data-element_type=\"widget\" data-widget_type=\"text-editor.default\">\n\t\t\t\t<div class=\"elementor-widget-container\">\n\t\t\t<style>\/*! elementor - v3.21.0 - 01-04-2024 *\/\n.elementor-widget-text-editor.elementor-drop-cap-view-stacked .elementor-drop-cap{background-color:#69727d;color:#fff}.elementor-widget-text-editor.elementor-drop-cap-view-framed .elementor-drop-cap{color:#69727d;border:3px solid;background-color:transparent}.elementor-widget-text-editor:not(.elementor-drop-cap-view-default) .elementor-drop-cap{margin-top:8px}.elementor-widget-text-editor:not(.elementor-drop-cap-view-default) .elementor-drop-cap-letter{width:1em;height:1em}.elementor-widget-text-editor .elementor-drop-cap{float:left;text-align:center;line-height:1;font-size:50px}.elementor-widget-text-editor .elementor-drop-cap-letter{display:inline-block}<\/style>\t\t\t\t<p><em>VIOLIN<\/em> es una pieza musical dividida en seis secciones o movimientos, que explora una sensaci\u00f3n distinta en cada uno de ellos. Estos se titulan: <em>Violentar, Ilusi\u00f3n, Olvido, Lento molto expresivo, Ilusi\u00f3n y Nervio<\/em>. <em>VIOLIN<\/em> es la sigla formada por las iniciales de cada micropieza.<span class=\"Apple-converted-space\">\u00a0<\/span><\/p><p><em>Violentar<\/em>\u00a0surge de la confrontaci\u00f3n entre fortes\/pianos, acentos\/pizzicati y figuraciones r\u00e1pidas contra notas largas. Elementos que se conducen en una alternancia abrupta y en\u00e9rgica. <em>Ilusi\u00f3n<\/em>\u00a0genera una falsa sensaci\u00f3n de reducci\u00f3n de la pulsaci\u00f3n de la obra y es la \u00fanica micropieza que se reexpondr\u00e1, ocasionando la ilusi\u00f3n de reaparecer. <em>Olvido<\/em>\u00a0est\u00e1 construida en base a motivos que no concluyen, como frases fragmentadas sin terminar. <em>Lento molto expresivo<\/em>\u00a0es un momento breve de la obra, donde el violinista interpreta una melod\u00eda frotando la madera del arco sobre las cuerdas del viol\u00edn, esto produce un intermitente sonido que a instantes permite escuchar la frase mel\u00f3dica. <em>Nervio<\/em> es la micropieza final, donde los tr\u00e9molos y trinos generar la ansiedad necesarias para retratar el t\u00edtulo de este \u00faltimo movimiento y el cierre de la obra.<\/p><p>Fue estrenada el 03 de diciembre de 2010\u00a0en <a href=\"http:\/\/prismas.germinaciones.org\/PDF\/2010_programa_chile.pdf\"><em>PRISMAS Festival Permanente de Creaci\u00f3n Latinoamericana<\/em><\/a>, \u00a0por el violinista chileno Jorge Marabol\u00ed en la sala n\u00ba1 del Centro Cultural Gabriela Mistral (GAM). El 11 de octubre de 2018, en el marco del <a href=\"https:\/\/issuu.com\/imuspucv\/docs\/programa_fimcvd_2018\">XV Festival Internacional de M\u00fasica Contempor\u00e1nea Darwin Vargas<\/a>, organizado por el Instituto de M\u00fasica de la PUCV. Se interpret\u00f3 nuevamente la obra a cargo del mismo violinista.\u00a0\u00a0El concierto se realiz\u00f3 en el Cine Arte de Vi\u00f1a del Mar ubicado en Plaza Vergara 142.<\/p>\t\t\t\t\t\t<\/div>\n\t\t\t\t<\/div>\n\t\t\t\t\t<\/div>\n\t\t<\/div>\n\t\t\t\t\t<\/div>\n\t\t<\/section>\n\t\t\t\t\t<\/div>\n\t\t<\/div>\n\t\t\t\t\t<\/div>\n\t\t<\/section>\n\t\t\t\t<section class=\"elementor-section elementor-top-section elementor-element elementor-element-af04f2b elementor-section-boxed elementor-section-height-default elementor-section-height-default\" data-id=\"af04f2b\" data-element_type=\"section\">\n\t\t\t\t\t\t<div class=\"elementor-container elementor-column-gap-default\">\n\t\t\t\t\t<div class=\"elementor-column elementor-col-100 elementor-top-column elementor-element elementor-element-a04d9b8\" data-id=\"a04d9b8\" data-element_type=\"column\">\n\t\t\t<div class=\"elementor-widget-wrap\">\n\t\t\t\t\t\t\t<\/div>\n\t\t<\/div>\n\t\t\t\t\t<\/div>\n\t\t<\/section>\n\t\t\t\t<section class=\"elementor-section elementor-top-section elementor-element elementor-element-5d90147 elementor-section-boxed elementor-section-height-default elementor-section-height-default\" data-id=\"5d90147\" data-element_type=\"section\">\n\t\t\t\t\t\t<div class=\"elementor-container elementor-column-gap-default\">\n\t\t\t\t\t<div class=\"elementor-column elementor-col-50 elementor-top-column elementor-element elementor-element-d1ab722\" data-id=\"d1ab722\" data-element_type=\"column\">\n\t\t\t<div class=\"elementor-widget-wrap elementor-element-populated\">\n\t\t\t\t\t\t<div class=\"elementor-element elementor-element-2a25d06 elementor-widget elementor-widget-image\" data-id=\"2a25d06\" data-element_type=\"widget\" data-widget_type=\"image.default\">\n\t\t\t\t<div class=\"elementor-widget-container\">\n\t\t\t\t\t\t\t\t\t\t\t\t\t\t<a href=\"https:\/\/davidcortes.cl\/index.php\/2018\/10\/02\/violin-seis-micropiezas-para-violin-solo\/\">\n\t\t\t\t\t\t\t<img decoding=\"async\" width=\"960\" height=\"540\" src=\"https:\/\/davidcortes.cl\/wp-content\/uploads\/2021\/04\/Invitacio\u0301n_Festival_Darwin_Vargas_2018.jpg\" class=\"elementor-animation-hang attachment-large size-large wp-image-820\" alt=\"\" srcset=\"https:\/\/davidcortes.cl\/wp-content\/uploads\/2021\/04\/Invitacio\u0301n_Festival_Darwin_Vargas_2018.jpg 1024w, https:\/\/davidcortes.cl\/wp-content\/uploads\/2021\/04\/Invitacio\u0301n_Festival_Darwin_Vargas_2018-300x169.jpg 300w, https:\/\/davidcortes.cl\/wp-content\/uploads\/2021\/04\/Invitacio\u0301n_Festival_Darwin_Vargas_2018-768x432.jpg 768w\" sizes=\"(max-width: 960px) 100vw, 960px\" \/>\t\t\t\t\t\t\t\t<\/a>\n\t\t\t\t\t\t\t\t\t\t\t\t\t<\/div>\n\t\t\t\t<\/div>\n\t\t\t\t\t<\/div>\n\t\t<\/div>\n\t\t\t\t<div class=\"elementor-column elementor-col-50 elementor-top-column elementor-element elementor-element-c99c428\" data-id=\"c99c428\" data-element_type=\"column\">\n\t\t\t<div class=\"elementor-widget-wrap elementor-element-populated\">\n\t\t\t\t\t\t<div class=\"elementor-element elementor-element-911209d elementor-widget elementor-widget-image\" data-id=\"911209d\" data-element_type=\"widget\" data-widget_type=\"image.default\">\n\t\t\t\t<div class=\"elementor-widget-container\">\n\t\t\t\t\t\t\t\t\t\t\t\t\t\t<a href=\"https:\/\/davidcortes.cl\/wp-content\/uploads\/2019\/01\/VIOLIN-seis-micropiezas-para-viol\u00edn.pdf\">\n\t\t\t\t\t\t\t<img decoding=\"async\" width=\"960\" height=\"540\" src=\"https:\/\/davidcortes.cl\/wp-content\/uploads\/2021\/04\/VIOLIN_partitura.jpg\" class=\"elementor-animation-pulse-shrink attachment-large size-large wp-image-801\" alt=\"\" srcset=\"https:\/\/davidcortes.cl\/wp-content\/uploads\/2021\/04\/VIOLIN_partitura.jpg 1024w, https:\/\/davidcortes.cl\/wp-content\/uploads\/2021\/04\/VIOLIN_partitura-300x169.jpg 300w, https:\/\/davidcortes.cl\/wp-content\/uploads\/2021\/04\/VIOLIN_partitura-768x432.jpg 768w\" sizes=\"(max-width: 960px) 100vw, 960px\" \/>\t\t\t\t\t\t\t\t<\/a>\n\t\t\t\t\t\t\t\t\t\t\t\t\t<\/div>\n\t\t\t\t<\/div>\n\t\t\t\t\t<\/div>\n\t\t<\/div>\n\t\t\t\t\t<\/div>\n\t\t<\/section>\n\t\t\t\t<\/div>\n\t\t","protected":false},"excerpt":{"rendered":"<p>VIOLIN es una pieza musical dividida en seis secciones o movimientos, que explora una sensaci\u00f3n distinta en cada uno de ellos. Estos se titulan: Violentar, Ilusi\u00f3n, Olvido, Lento molto expresivo, Ilusi\u00f3n y Nervio. VIOLIN es la sigla formada por las iniciales de cada micropieza.\u00a0 Violentar\u00a0surge de la confrontaci\u00f3n entre fortes\/pianos, acentos\/pizzicati y figuraciones r\u00e1pidas contra notas largas. Elementos que se conducen en una alternancia abrupta y en\u00e9rgica. Ilusi\u00f3n\u00a0genera una falsa sensaci\u00f3n de reducci\u00f3n de la pulsaci\u00f3n de la obra y es la \u00fanica micropieza que se reexpondr\u00e1, ocasionando la ilusi\u00f3n de reaparecer. Olvido\u00a0est\u00e1 construida en base a motivos que no concluyen, como frases fragmentadas sin terminar. Lento molto expresivo\u00a0es un momento breve de la obra, donde el violinista interpreta una melod\u00eda frotando la madera del arco sobre las cuerdas del viol\u00edn, esto produce un intermitente sonido que a instantes permite escuchar la frase mel\u00f3dica. Nervio es la micropieza final, donde los tr\u00e9molos y trinos generar la ansiedad necesarias para retratar el t\u00edtulo de este \u00faltimo movimiento y el cierre de la obra. Fue estrenada el 03 de diciembre de 2010\u00a0en PRISMAS Festival Permanente de Creaci\u00f3n Latinoamericana, \u00a0por el violinista chileno Jorge Marabol\u00ed en la sala n\u00ba1 del Centro Cultural Gabriela Mistral (GAM). El 11 de octubre de 2018, en el marco del XV Festival Internacional de M\u00fasica Contempor\u00e1nea Darwin Vargas, organizado por el Instituto de M\u00fasica de la PUCV. Se interpret\u00f3 nuevamente la obra a cargo del mismo violinista.\u00a0\u00a0El concierto se realiz\u00f3 en el Cine Arte de Vi\u00f1a del Mar ubicado en Plaza Vergara 142.<\/p>\n","protected":false},"author":1,"featured_media":0,"parent":0,"menu_order":0,"comment_status":"closed","ping_status":"closed","template":"","meta":{"ngg_post_thumbnail":0,"footnotes":""},"_links":{"self":[{"href":"https:\/\/davidcortes.cl\/index.php\/wp-json\/wp\/v2\/pages\/444"}],"collection":[{"href":"https:\/\/davidcortes.cl\/index.php\/wp-json\/wp\/v2\/pages"}],"about":[{"href":"https:\/\/davidcortes.cl\/index.php\/wp-json\/wp\/v2\/types\/page"}],"author":[{"embeddable":true,"href":"https:\/\/davidcortes.cl\/index.php\/wp-json\/wp\/v2\/users\/1"}],"replies":[{"embeddable":true,"href":"https:\/\/davidcortes.cl\/index.php\/wp-json\/wp\/v2\/comments?post=444"}],"version-history":[{"count":32,"href":"https:\/\/davidcortes.cl\/index.php\/wp-json\/wp\/v2\/pages\/444\/revisions"}],"predecessor-version":[{"id":1043,"href":"https:\/\/davidcortes.cl\/index.php\/wp-json\/wp\/v2\/pages\/444\/revisions\/1043"}],"wp:attachment":[{"href":"https:\/\/davidcortes.cl\/index.php\/wp-json\/wp\/v2\/media?parent=444"}],"curies":[{"name":"wp","href":"https:\/\/api.w.org\/{rel}","templated":true}]}}